{"id":401,"date":"2021-01-15T16:29:58","date_gmt":"2021-01-15T16:29:58","guid":{"rendered":"https:\/\/demo.creativethemes.com\/elementor\/product-reviews\/?page_id=14"},"modified":"2023-08-07T10:26:04","modified_gmt":"2023-08-07T13:26:04","slug":"contato","status":"publish","type":"page","link":"https:\/\/vmaxx.com.br\/home\/contato\/","title":{"rendered":"Contato"},"content":{"rendered":"\t\t<div data-elementor-type=\"wp-page\" data-elementor-id=\"401\" class=\"elementor elementor-401\">\n\t\t\t\t\t\t\t\t\t<section class=\"elementor-section elementor-top-section elementor-element elementor-element-66ed123d elementor-section-height-min-height animated-slow elementor-section-boxed elementor-section-height-default elementor-section-items-middle elementor-invisible\" data-id=\"66ed123d\" data-element_type=\"section\" data-settings=\"{&quot;animation&quot;:&quot;fadeIn&quot;}\">\n\t\t\t\t\t\t\t<div class=\"elementor-background-overlay\"><\/div>\n\t\t\t\t\t\t\t<div class=\"elementor-container elementor-column-gap-default\">\n\t\t\t\t\t<div class=\"elementor-column elementor-col-100 elementor-top-column elementor-element elementor-element-45966d19\" data-id=\"45966d19\" data-element_type=\"column\" data-settings=\"{&quot;background_background&quot;:&quot;slideshow&quot;,&quot;background_slideshow_lazyload&quot;:&quot;yes&quot;,&quot;background_slideshow_ken_burns&quot;:&quot;yes&quot;,&quot;background_slideshow_gallery&quot;:[],&quot;background_slideshow_slide_duration&quot;:5000,&quot;background_slideshow_slide_transition&quot;:&quot;fade&quot;,&quot;background_slideshow_transition_duration&quot;:500,&quot;background_slideshow_ken_burns_zoom_direction&quot;:&quot;in&quot;}\">\n\t\t\t<div class=\"elementor-widget-wrap elementor-element-populated\">\n\t\t\t\t\t\t\t\t<div class=\"elementor-element elementor-element-6100450 elementor-widget__width-auto elementor-widget elementor-widget-text-editor\" data-id=\"6100450\" data-element_type=\"widget\" data-widget_type=\"text-editor.default\">\n\t\t\t\t<div class=\"elementor-widget-container\">\n\t\t\t<style>\/*! elementor - v3.15.0 - 31-07-2023 *\/\n.elementor-widget-text-editor.elementor-drop-cap-view-stacked .elementor-drop-cap{background-color:#69727d;color:#fff}.elementor-widget-text-editor.elementor-drop-cap-view-framed .elementor-drop-cap{color:#69727d;border:3px solid;background-color:transparent}.elementor-widget-text-editor:not(.elementor-drop-cap-view-default) .elementor-drop-cap{margin-top:8px}.elementor-widget-text-editor:not(.elementor-drop-cap-view-default) .elementor-drop-cap-letter{width:1em;height:1em}.elementor-widget-text-editor .elementor-drop-cap{float:left;text-align:center;line-height:1;font-size:50px}.elementor-widget-text-editor .elementor-drop-cap-letter{display:inline-block}<\/style>\t\t\t\t<h6>Pa<i>ra saber mais sobre nossos equipamentos entre em contato conosco.<br>Estamos \u00e1 Rua Vereador Sergio Leopoldino Alves 1202, Cidade Industrial na cidade de Santa Barbara DOeste- SP<br>Ou pelos nossos telefones: (19) 9 9981-4653 (watsapp) &#8211; (19)&nbsp; 3463-2099 (fixo)<\/i><\/h6><h6><i><br><\/i><\/h6>\t\t\t\t\t\t<\/div>\n\t\t\t\t<\/div>\n\t\t\t\t<div class=\"elementor-element elementor-element-23400a6 elementor-widget elementor-widget-shortcode\" data-id=\"23400a6\" data-element_type=\"widget\" data-widget_type=\"shortcode.default\">\n\t\t\t\t<div class=\"elementor-widget-container\">\n\t\t\t\t\t<div class=\"elementor-shortcode\">\n<div class=\"wpcf7 no-js\" id=\"wpcf7-f665-o1\" lang=\"pt-BR\" dir=\"ltr\">\n<div class=\"screen-reader-response\"><p role=\"status\" aria-live=\"polite\" aria-atomic=\"true\"><\/p> <ul><\/ul><\/div>\n<form action=\"\/home\/wp-json\/wp\/v2\/pages\/401#wpcf7-f665-o1\" method=\"post\" class=\"wpcf7-form init\" aria-label=\"Formul\u00e1rios de contato\" novalidate=\"novalidate\" data-status=\"init\">\n<div style=\"display: none;\">\n<input type=\"hidden\" name=\"_wpcf7\" value=\"665\" \/>\n<input type=\"hidden\" name=\"_wpcf7_version\" value=\"5.7.7\" \/>\n<input type=\"hidden\" name=\"_wpcf7_locale\" value=\"pt_BR\" \/>\n<input type=\"hidden\" name=\"_wpcf7_unit_tag\" value=\"wpcf7-f665-o1\" \/>\n<input type=\"hidden\" name=\"_wpcf7_container_post\" value=\"0\" \/>\n<input type=\"hidden\" name=\"_wpcf7_posted_data_hash\" value=\"\" \/>\n<\/div>\n<p><label> Seu nome<br \/>\n<span class=\"wpcf7-form-control-wrap\" data-name=\"your-name\"><input size=\"40\" class=\"wpcf7-form-control wpcf7-text wpcf7-validates-as-required\" autocomplete=\"name\" aria-required=\"true\" aria-invalid=\"false\" value=\"\" type=\"text\" name=\"your-name\" \/><\/span> <\/label>\n<\/p>\n<p><label> Seu e-mail<br \/>\n<span class=\"wpcf7-form-control-wrap\" data-name=\"your-email\"><input size=\"40\" class=\"wpcf7-form-control wpcf7-text wpcf7-email wpcf7-validates-as-required wpcf7-validates-as-email\" autocomplete=\"email\" aria-required=\"true\" aria-invalid=\"false\" value=\"\" type=\"email\" name=\"your-email\" \/><\/span> <\/label>\n<\/p>\n<p><label> Assunto<br \/>\n<span class=\"wpcf7-form-control-wrap\" data-name=\"your-subject\"><input size=\"40\" class=\"wpcf7-form-control wpcf7-text wpcf7-validates-as-required\" aria-required=\"true\" aria-invalid=\"false\" value=\"\" type=\"text\" name=\"your-subject\" \/><\/span> <\/label>\n<\/p>\n<p><label> Sua mensagem (opcional)<br \/>\n<span class=\"wpcf7-form-control-wrap\" data-name=\"your-message\"><textarea cols=\"40\" rows=\"10\" class=\"wpcf7-form-control wpcf7-textarea\" aria-invalid=\"false\" name=\"your-message\"><\/textarea><\/span> <\/label>\n<\/p>\n<p><input class=\"wpcf7-form-control has-spinner wpcf7-submit\" type=\"submit\" value=\"Enviar\" \/>\n<\/p><div class=\"wpcf7-response-output\" aria-hidden=\"true\"><\/div>\n<\/form>\n<\/div>\n<\/div>\n\t\t\t\t<\/div>\n\t\t\t\t<\/div>\n\t\t\t\t\t<\/div>\n\t\t<\/div>\n\t\t\t\t\t\t\t<\/div>\n\t\t<\/section>\n\t\t\t\t<section class=\"elementor-section elementor-top-section elementor-element elementor-element-23e90b4 elementor-section-boxed elementor-section-height-default elementor-section-height-default\" data-id=\"23e90b4\" data-element_type=\"section\">\n\t\t\t\t\t\t<div class=\"elementor-container elementor-column-gap-default\">\n\t\t\t\t\t<div class=\"elementor-column elementor-col-100 elementor-top-column elementor-element elementor-element-3fc502a\" data-id=\"3fc502a\" data-element_type=\"column\">\n\t\t\t<div class=\"elementor-widget-wrap elementor-element-populated\">\n\t\t\t\t\t\t\t\t<div class=\"elementor-element elementor-element-7d67fec elementor-widget elementor-widget-google_maps\" data-id=\"7d67fec\" data-element_type=\"widget\" data-widget_type=\"google_maps.default\">\n\t\t\t\t<div class=\"elementor-widget-container\">\n\t\t\t<style>\/*! elementor - v3.15.0 - 31-07-2023 *\/\n.elementor-widget-google_maps .elementor-widget-container{overflow:hidden}.elementor-widget-google_maps .elementor-custom-embed{line-height:0}.elementor-widget-google_maps iframe{height:300px}<\/style>\t\t<div class=\"elementor-custom-embed\">\n\t\t\t<iframe loading=\"lazy\"\n\t\t\t\t\tsrc=\"https:\/\/maps.google.com\/maps?q=Rua%20vereador%20sergio%20leopoldino%20alves%201202%2C%20Cidade%20Industrial%2C%20Santa%20Barbara%20DOeste%20%2C%20SP&#038;t=m&#038;z=11&#038;output=embed&#038;iwloc=near\"\n\t\t\t\t\ttitle=\"Rua vereador sergio leopoldino alves 1202, Cidade Industrial, Santa Barbara DOeste , SP\"\n\t\t\t\t\taria-label=\"Rua vereador sergio leopoldino alves 1202, Cidade Industrial, Santa Barbara DOeste , SP\"\n\t\t\t><\/iframe>\n\t\t<\/div>\n\t\t\t\t<\/div>\n\t\t\t\t<\/div>\n\t\t\t\t\t<\/div>\n\t\t<\/div>\n\t\t\t\t\t\t\t<\/div>\n\t\t<\/section>\n\t\t\t\t<section class=\"elementor-section elementor-top-section elementor-element elementor-element-110d1d03 elementor-section-boxed elementor-section-height-default elementor-section-height-default\" data-id=\"110d1d03\" data-element_type=\"section\">\n\t\t\t\t\t\t<div class=\"elementor-container elementor-column-gap-default\">\n\t\t\t\t\t<div class=\"elementor-column elementor-col-100 elementor-top-column elementor-element elementor-element-dd7a351\" data-id=\"dd7a351\" data-element_type=\"column\">\n\t\t\t<div class=\"elementor-widget-wrap elementor-element-populated\">\n\t\t\t\t\t\t\t\t<div class=\"elementor-element elementor-element-1072f82c elementor-widget elementor-widget-spacer\" data-id=\"1072f82c\" data-element_type=\"widget\" data-widget_type=\"spacer.default\">\n\t\t\t\t<div class=\"elementor-widget-container\">\n\t\t\t<style>\/*! elementor - v3.15.0 - 31-07-2023 *\/\n.elementor-column .elementor-spacer-inner{height:var(--spacer-size)}.e-con{--container-widget-width:100%}.e-con-inner>.elementor-widget-spacer,.e-con>.elementor-widget-spacer{width:var(--container-widget-width,var(--spacer-size));--align-self:var(--container-widget-align-self,initial);--flex-shrink:0}.e-con-inner>.elementor-widget-spacer>.elementor-widget-container,.e-con-inner>.elementor-widget-spacer>.elementor-widget-container>.elementor-spacer,.e-con>.elementor-widget-spacer>.elementor-widget-container,.e-con>.elementor-widget-spacer>.elementor-widget-container>.elementor-spacer{height:100%}.e-con-inner>.elementor-widget-spacer>.elementor-widget-container>.elementor-spacer>.elementor-spacer-inner,.e-con>.elementor-widget-spacer>.elementor-widget-container>.elementor-spacer>.elementor-spacer-inner{height:var(--container-widget-height,var(--spacer-size))}<\/style>\t\t<div class=\"elementor-spacer\">\n\t\t\t<div class=\"elementor-spacer-inner\"><\/div>\n\t\t<\/div>\n\t\t\t\t<\/div>\n\t\t\t\t<\/div>\n\t\t\t\t\t<\/div>\n\t\t<\/div>\n\t\t\t\t\t\t\t<\/div>\n\t\t<\/section>\n\t\t\t\t<section class=\"elementor-section elementor-top-section elementor-element elementor-element-3ca38977 ct-section-stretched elementor-section-content-middle elementor-section-boxed elementor-section-height-default elementor-section-height-default\" data-id=\"3ca38977\" data-element_type=\"section\" data-settings=\"{&quot;background_background&quot;:&quot;classic&quot;}\">\n\t\t\t\t\t\t<div class=\"elementor-container elementor-column-gap-default\">\n\t\t\t\t\t<div class=\"elementor-column elementor-col-100 elementor-top-column elementor-element elementor-element-36f6e88c\" data-id=\"36f6e88c\" data-element_type=\"column\">\n\t\t\t<div class=\"elementor-widget-wrap\">\n\t\t\t\t\t\t\t\t\t<\/div>\n\t\t<\/div>\n\t\t\t\t\t\t\t<\/div>\n\t\t<\/section>\n\t\t\t\t<section class=\"elementor-section elementor-top-section elementor-element elementor-element-0264b16 elementor-section-boxed elementor-section-height-default elementor-section-height-default\" data-id=\"0264b16\" data-element_type=\"section\">\n\t\t\t\t\t\t<div class=\"elementor-container elementor-column-gap-default\">\n\t\t\t\t\t<div class=\"elementor-column elementor-col-100 elementor-top-column elementor-element elementor-element-33280af\" data-id=\"33280af\" data-element_type=\"column\">\n\t\t\t<div class=\"elementor-widget-wrap elementor-element-populated\">\n\t\t\t\t\t\t\t\t<div class=\"elementor-element elementor-element-53418c5 elementor-widget elementor-widget-image\" data-id=\"53418c5\" data-element_type=\"widget\" data-widget_type=\"image.default\">\n\t\t\t\t<div class=\"elementor-widget-container\">\n\t\t\t<style>\/*! elementor - v3.15.0 - 31-07-2023 *\/\n.elementor-widget-image{text-align:center}.elementor-widget-image a{display:inline-block}.elementor-widget-image a img[src$=\".svg\"]{width:48px}.elementor-widget-image img{vertical-align:middle;display:inline-block}<\/style>\t\t\t\t\t\t\t\t\t\t\t\t<img loading=\"lazy\" decoding=\"async\" width=\"1024\" height=\"320\" src=\"https:\/\/vmaxx.com.br\/home\/wp-content\/uploads\/2023\/07\/Barra-engenharia3.jpg\" class=\"attachment-large size-large wp-image-683\" alt=\"\" srcset=\"https:\/\/vmaxx.com.br\/home\/wp-content\/uploads\/2023\/07\/Barra-engenharia3.jpg 1024w, https:\/\/vmaxx.com.br\/home\/wp-content\/uploads\/2023\/07\/Barra-engenharia3-300x94.jpg 300w, https:\/\/vmaxx.com.br\/home\/wp-content\/uploads\/2023\/07\/Barra-engenharia3-768x240.jpg 768w\" sizes=\"auto, (max-width: 1024px) 100vw, 1024px\" \/>\t\t\t\t\t\t\t\t\t\t\t\t\t\t\t<\/div>\n\t\t\t\t<\/div>\n\t\t\t\t\t<\/div>\n\t\t<\/div>\n\t\t\t\t\t\t\t<\/div>\n\t\t<\/section>\n\t\t\t\t\t\t\t<\/div>\n\t\t","protected":false},"excerpt":{"rendered":"<p>Fale conosco! Teremos prazer em lhe atender! <\/p>\n","protected":false},"author":1,"featured_media":0,"parent":0,"menu_order":0,"comment_status":"closed","ping_status":"closed","template":"","meta":{"footnotes":""},"class_list":["post-401","page","type-page","status-publish","hentry"],"blocksy_meta":{"styles_descriptor":{"styles":{"desktop":"","tablet":"","mobile":""},"google_fonts":[],"version":2}},"yoast_head":"<!-- This site is optimized with the Yoast SEO plugin v20.12 - https:\/\/yoast.com\/wordpress\/plugins\/seo\/ -->\n<title>Contato - Vmaxx M\u00e1quinas e Equipamentos<\/title>\n<meta name=\"robots\" content=\"index, follow, max-snippet:-1, max-image-preview:large, max-video-preview:-1\" \/>\n<link rel=\"canonical\" href=\"https:\/\/vmaxx.com.br\/home\/contato\/\" \/>\n<meta property=\"og:locale\" content=\"pt_BR\" \/>\n<meta property=\"og:type\" content=\"article\" \/>\n<meta property=\"og:title\" content=\"Contato - Vmaxx M\u00e1quinas e Equipamentos\" \/>\n<meta property=\"og:description\" content=\"Fale conosco! Teremos prazer em lhe atender!\" \/>\n<meta property=\"og:url\" content=\"https:\/\/vmaxx.com.br\/home\/contato\/\" \/>\n<meta property=\"og:site_name\" content=\"Vmaxx M\u00e1quinas e Equipamentos\" \/>\n<meta property=\"article:publisher\" content=\"https:\/\/www.facebook.com\/vmaxxmaquinas\" \/>\n<meta property=\"article:modified_time\" content=\"2023-08-07T13:26:04+00:00\" \/>\n<meta property=\"og:image\" content=\"https:\/\/vmaxx.com.br\/home\/wp-content\/uploads\/2023\/07\/Barra-engenharia3.jpg\" \/>\n<meta name=\"twitter:card\" content=\"summary_large_image\" \/>\n<meta name=\"twitter:label1\" content=\"Est. tempo de leitura\" \/>\n\t<meta name=\"twitter:data1\" content=\"1 minuto\" \/>\n<script type=\"application\/ld+json\" class=\"yoast-schema-graph\">{\"@context\":\"https:\/\/schema.org\",\"@graph\":[{\"@type\":\"WebPage\",\"@id\":\"https:\/\/vmaxx.com.br\/home\/contato\/\",\"url\":\"https:\/\/vmaxx.com.br\/home\/contato\/\",\"name\":\"Contato - Vmaxx M\u00e1quinas e Equipamentos\",\"isPartOf\":{\"@id\":\"https:\/\/vmaxx.com.br\/home\/#website\"},\"datePublished\":\"2021-01-15T16:29:58+00:00\",\"dateModified\":\"2023-08-07T13:26:04+00:00\",\"breadcrumb\":{\"@id\":\"https:\/\/vmaxx.com.br\/home\/contato\/#breadcrumb\"},\"inLanguage\":\"pt-BR\",\"potentialAction\":[{\"@type\":\"ReadAction\",\"target\":[\"https:\/\/vmaxx.com.br\/home\/contato\/\"]}]},{\"@type\":\"BreadcrumbList\",\"@id\":\"https:\/\/vmaxx.com.br\/home\/contato\/#breadcrumb\",\"itemListElement\":[{\"@type\":\"ListItem\",\"position\":1,\"name\":\"In\u00edcio\",\"item\":\"https:\/\/vmaxx.com.br\/home\/\"},{\"@type\":\"ListItem\",\"position\":2,\"name\":\"Contato\"}]},{\"@type\":\"WebSite\",\"@id\":\"https:\/\/vmaxx.com.br\/home\/#website\",\"url\":\"https:\/\/vmaxx.com.br\/home\/\",\"name\":\"Vmaxx M\u00e1quinas e Equipamentos\",\"description\":\"As melhores Cortadoras de tubetes e Tubeteiras Esp\u00edrais est\u00e3o aqui.\",\"publisher\":{\"@id\":\"https:\/\/vmaxx.com.br\/home\/#organization\"},\"potentialAction\":[{\"@type\":\"SearchAction\",\"target\":{\"@type\":\"EntryPoint\",\"urlTemplate\":\"https:\/\/vmaxx.com.br\/home\/?s={search_term_string}\"},\"query-input\":\"required name=search_term_string\"}],\"inLanguage\":\"pt-BR\"},{\"@type\":\"Organization\",\"@id\":\"https:\/\/vmaxx.com.br\/home\/#organization\",\"name\":\"Vmaxx M\u00e1quinas e Equipamentos\",\"url\":\"https:\/\/vmaxx.com.br\/home\/\",\"logo\":{\"@type\":\"ImageObject\",\"inLanguage\":\"pt-BR\",\"@id\":\"https:\/\/vmaxx.com.br\/home\/#\/schema\/logo\/image\/\",\"url\":\"https:\/\/vmaxx.com.br\/home\/wp-content\/uploads\/2023\/06\/cropped-Vmaxx-logo-e1686943926699.png\",\"contentUrl\":\"https:\/\/vmaxx.com.br\/home\/wp-content\/uploads\/2023\/06\/cropped-Vmaxx-logo-e1686943926699.png\",\"width\":300,\"height\":78,\"caption\":\"Vmaxx M\u00e1quinas e Equipamentos\"},\"image\":{\"@id\":\"https:\/\/vmaxx.com.br\/home\/#\/schema\/logo\/image\/\"},\"sameAs\":[\"https:\/\/www.facebook.com\/vmaxxmaquinas\"]}]}<\/script>\n<!-- \/ Yoast SEO plugin. -->","yoast_head_json":{"title":"Contato - Vmaxx M\u00e1quinas e Equipamentos","robots":{"index":"index","follow":"follow","max-snippet":"max-snippet:-1","max-image-preview":"max-image-preview:large","max-video-preview":"max-video-preview:-1"},"canonical":"https:\/\/vmaxx.com.br\/home\/contato\/","og_locale":"pt_BR","og_type":"article","og_title":"Contato - Vmaxx M\u00e1quinas e Equipamentos","og_description":"Fale conosco! Teremos prazer em lhe atender!","og_url":"https:\/\/vmaxx.com.br\/home\/contato\/","og_site_name":"Vmaxx M\u00e1quinas e Equipamentos","article_publisher":"https:\/\/www.facebook.com\/vmaxxmaquinas","article_modified_time":"2023-08-07T13:26:04+00:00","og_image":[{"url":"https:\/\/vmaxx.com.br\/home\/wp-content\/uploads\/2023\/07\/Barra-engenharia3.jpg"}],"twitter_card":"summary_large_image","twitter_misc":{"Est. tempo de leitura":"1 minuto"},"schema":{"@context":"https:\/\/schema.org","@graph":[{"@type":"WebPage","@id":"https:\/\/vmaxx.com.br\/home\/contato\/","url":"https:\/\/vmaxx.com.br\/home\/contato\/","name":"Contato - Vmaxx M\u00e1quinas e Equipamentos","isPartOf":{"@id":"https:\/\/vmaxx.com.br\/home\/#website"},"datePublished":"2021-01-15T16:29:58+00:00","dateModified":"2023-08-07T13:26:04+00:00","breadcrumb":{"@id":"https:\/\/vmaxx.com.br\/home\/contato\/#breadcrumb"},"inLanguage":"pt-BR","potentialAction":[{"@type":"ReadAction","target":["https:\/\/vmaxx.com.br\/home\/contato\/"]}]},{"@type":"BreadcrumbList","@id":"https:\/\/vmaxx.com.br\/home\/contato\/#breadcrumb","itemListElement":[{"@type":"ListItem","position":1,"name":"In\u00edcio","item":"https:\/\/vmaxx.com.br\/home\/"},{"@type":"ListItem","position":2,"name":"Contato"}]},{"@type":"WebSite","@id":"https:\/\/vmaxx.com.br\/home\/#website","url":"https:\/\/vmaxx.com.br\/home\/","name":"Vmaxx M\u00e1quinas e Equipamentos","description":"As melhores Cortadoras de tubetes e Tubeteiras Esp\u00edrais est\u00e3o aqui.","publisher":{"@id":"https:\/\/vmaxx.com.br\/home\/#organization"},"potentialAction":[{"@type":"SearchAction","target":{"@type":"EntryPoint","urlTemplate":"https:\/\/vmaxx.com.br\/home\/?s={search_term_string}"},"query-input":"required name=search_term_string"}],"inLanguage":"pt-BR"},{"@type":"Organization","@id":"https:\/\/vmaxx.com.br\/home\/#organization","name":"Vmaxx M\u00e1quinas e Equipamentos","url":"https:\/\/vmaxx.com.br\/home\/","logo":{"@type":"ImageObject","inLanguage":"pt-BR","@id":"https:\/\/vmaxx.com.br\/home\/#\/schema\/logo\/image\/","url":"https:\/\/vmaxx.com.br\/home\/wp-content\/uploads\/2023\/06\/cropped-Vmaxx-logo-e1686943926699.png","contentUrl":"https:\/\/vmaxx.com.br\/home\/wp-content\/uploads\/2023\/06\/cropped-Vmaxx-logo-e1686943926699.png","width":300,"height":78,"caption":"Vmaxx M\u00e1quinas e Equipamentos"},"image":{"@id":"https:\/\/vmaxx.com.br\/home\/#\/schema\/logo\/image\/"},"sameAs":["https:\/\/www.facebook.com\/vmaxxmaquinas"]}]}},"_links":{"self":[{"href":"https:\/\/vmaxx.com.br\/home\/wp-json\/wp\/v2\/pages\/401","targetHints":{"allow":["GET"]}}],"collection":[{"href":"https:\/\/vmaxx.com.br\/home\/wp-json\/wp\/v2\/pages"}],"about":[{"href":"https:\/\/vmaxx.com.br\/home\/wp-json\/wp\/v2\/types\/page"}],"author":[{"embeddable":true,"href":"https:\/\/vmaxx.com.br\/home\/wp-json\/wp\/v2\/users\/1"}],"replies":[{"embeddable":true,"href":"https:\/\/vmaxx.com.br\/home\/wp-json\/wp\/v2\/comments?post=401"}],"version-history":[{"count":65,"href":"https:\/\/vmaxx.com.br\/home\/wp-json\/wp\/v2\/pages\/401\/revisions"}],"predecessor-version":[{"id":1371,"href":"https:\/\/vmaxx.com.br\/home\/wp-json\/wp\/v2\/pages\/401\/revisions\/1371"}],"wp:attachment":[{"href":"https:\/\/vmaxx.com.br\/home\/wp-json\/wp\/v2\/media?parent=401"}],"curies":[{"name":"wp","href":"https:\/\/api.w.org\/{rel}","templated":true}]}}