{"id":2,"date":"2023-06-13T16:42:34","date_gmt":"2023-06-13T19:42:34","guid":{"rendered":"http:\/\/vmaxx.com.br\/home\/?page_id=2"},"modified":"2023-08-07T10:28:10","modified_gmt":"2023-08-07T13:28:10","slug":"quemsomos","status":"publish","type":"page","link":"https:\/\/vmaxx.com.br\/home\/quemsomos\/","title":{"rendered":"Quem somos&#8230;"},"content":{"rendered":"\t\t<div data-elementor-type=\"wp-page\" data-elementor-id=\"2\" class=\"elementor elementor-2\">\n\t\t\t\t\t\t\t\t\t<section class=\"elementor-section elementor-top-section elementor-element elementor-element-e1ef6ed elementor-section-boxed elementor-section-height-default elementor-section-height-default elementor-invisible\" data-id=\"e1ef6ed\" data-element_type=\"section\" data-settings=\"{&quot;animation&quot;:&quot;fadeIn&quot;}\">\n\t\t\t\t\t\t<div class=\"elementor-container elementor-column-gap-default\">\n\t\t\t\t\t<div class=\"elementor-column elementor-col-100 elementor-top-column elementor-element elementor-element-656579f elementor-invisible\" data-id=\"656579f\" data-element_type=\"column\" data-settings=\"{&quot;animation&quot;:&quot;fadeIn&quot;,&quot;animation_mobile&quot;:&quot;zoomIn&quot;}\">\n\t\t\t<div class=\"elementor-widget-wrap elementor-element-populated\">\n\t\t\t\t\t\t\t\t<div class=\"elementor-element elementor-element-d78d3b9 elementor-drop-cap-yes elementor-drop-cap-view-default elementor-widget elementor-widget-text-editor\" data-id=\"d78d3b9\" data-element_type=\"widget\" data-settings=\"{&quot;drop_cap&quot;:&quot;yes&quot;}\" data-widget_type=\"text-editor.default\">\n\t\t\t\t<div class=\"elementor-widget-container\">\n\t\t\t<style>\/*! elementor - v3.15.0 - 31-07-2023 *\/\n.elementor-widget-text-editor.elementor-drop-cap-view-stacked .elementor-drop-cap{background-color:#69727d;color:#fff}.elementor-widget-text-editor.elementor-drop-cap-view-framed .elementor-drop-cap{color:#69727d;border:3px solid;background-color:transparent}.elementor-widget-text-editor:not(.elementor-drop-cap-view-default) .elementor-drop-cap{margin-top:8px}.elementor-widget-text-editor:not(.elementor-drop-cap-view-default) .elementor-drop-cap-letter{width:1em;height:1em}.elementor-widget-text-editor .elementor-drop-cap{float:left;text-align:center;line-height:1;font-size:50px}.elementor-widget-text-editor .elementor-drop-cap-letter{display:inline-block}<\/style>\t\t\t\t<p><!-- wp:paragraph --><\/p>\n<p><strong>Bem vindo a\u00a0 Vmaxx M\u00e1quinas e Equipamentos!<\/strong><br \/><br \/><strong>A VMAXX \u00e9 uma empresa<\/strong>\u00a0sediada na cidade de Santa Barbara DOeste ,regiao metropolitana de Campinas-SP, est\u00e1 em atividade desde\u00a0 desde 1996, atuando no ramo de\u00a0<strong>fabrica\u00e7\u00e3o de maquinas<\/strong>\u00a0para papel partir de 2005.\u00a0<\/p>\n<p>Consolidou-se no mercado fornecendo <strong>M\u00e1quinas Tubeteiras Espirais, Cortadoras de Tubetes e Acess\u00f3rios<\/strong><\/p>\n<p><!-- \/wp:paragraph --><\/p>\n<p><!-- wp:paragraph --><\/p>\n<p>Aqui na <b>VMAXX<\/b> voc\u00ea encontra as melhores op\u00e7\u00f5es em m\u00e1quinas e equipamentos para transforma\u00e7\u00e3o de papel do mercado e ainda pode contar com nossa equipe de engenharia para desenvolver\u00a0 equipamentos sob medida, conforme as necessidades da sua empresa.<\/p>\n<p><!-- \/wp:paragraph --><\/p>\n<p><!-- wp:paragraph --><\/p>\n<p>Entre e confira!<\/p>\n<p><!-- \/wp:paragraph --><\/p>\n<p><!-- wp:quote --><\/p>\n<blockquote class=\"wp-block-quote\">\n<p><!-- wp:paragraph --><\/p>\n<p>M\u00e1quinas Tubeteiras Espirais para todos os formatos e medidas;<\/p>\n<p><!-- \/wp:paragraph --><\/p>\n<\/blockquote>\n<p><!-- \/wp:quote --><\/p>\n<p><!-- wp:paragraph --><\/p>\n<p>&#8230;e tamb\u00e9m:<\/p>\n<p><!-- \/wp:paragraph --><\/p>\n<p><!-- wp:quote --><\/p>\n<blockquote class=\"wp-block-quote\">\n<p><!-- wp:paragraph --><\/p>\n<p>M\u00e1quinas Cortadoras de Tubos e Tubetes de papel , PVC, alum\u00ednio e similares;<\/p>\n<p><!-- \/wp:paragraph --><\/p>\n<\/blockquote>\n<p><!-- \/wp:quote --><\/p>\n<p><!-- wp:paragraph --><\/p>\n<p>Entre em contato conosco! Teremos imenso prazer em poder lhe atender!<\/p>\n<p><!-- \/wp:paragraph --><\/p>\n<p><!-- wp:paragraph --><\/p>\n<p><!-- \/wp:paragraph --><\/p>\t\t\t\t\t\t<\/div>\n\t\t\t\t<\/div>\n\t\t\t\t\t<\/div>\n\t\t<\/div>\n\t\t\t\t\t\t\t<\/div>\n\t\t<\/section>\n\t\t\t\t\t\t\t<\/div>\n\t\t","protected":false},"excerpt":{"rendered":"<p>Sobre a Vmaxx&#8230;<\/p>\n","protected":false},"author":1,"featured_media":0,"parent":0,"menu_order":0,"comment_status":"closed","ping_status":"open","template":"","meta":{"footnotes":""},"class_list":["post-2","page","type-page","status-publish","hentry"],"blocksy_meta":"","yoast_head":"<!-- This site is optimized with the Yoast SEO plugin v20.12 - https:\/\/yoast.com\/wordpress\/plugins\/seo\/ -->\n<title>Quem somos... - Vmaxx M\u00e1quinas e Equipamentos<\/title>\n<meta name=\"robots\" content=\"index, follow, max-snippet:-1, max-image-preview:large, max-video-preview:-1\" \/>\n<link rel=\"canonical\" href=\"https:\/\/vmaxx.com.br\/home\/quemsomos\/\" \/>\n<meta property=\"og:locale\" content=\"pt_BR\" \/>\n<meta property=\"og:type\" content=\"article\" \/>\n<meta property=\"og:title\" content=\"Quem somos... - Vmaxx M\u00e1quinas e Equipamentos\" \/>\n<meta property=\"og:description\" content=\"Sobre a Vmaxx...\" \/>\n<meta property=\"og:url\" content=\"https:\/\/vmaxx.com.br\/home\/quemsomos\/\" \/>\n<meta property=\"og:site_name\" content=\"Vmaxx M\u00e1quinas e Equipamentos\" \/>\n<meta property=\"article:publisher\" content=\"https:\/\/www.facebook.com\/vmaxxmaquinas\" \/>\n<meta property=\"article:modified_time\" content=\"2023-08-07T13:28:10+00:00\" \/>\n<meta name=\"twitter:card\" content=\"summary_large_image\" \/>\n<meta name=\"twitter:label1\" content=\"Est. tempo de leitura\" \/>\n\t<meta name=\"twitter:data1\" content=\"1 minuto\" \/>\n<script type=\"application\/ld+json\" class=\"yoast-schema-graph\">{\"@context\":\"https:\/\/schema.org\",\"@graph\":[{\"@type\":\"WebPage\",\"@id\":\"https:\/\/vmaxx.com.br\/home\/quemsomos\/\",\"url\":\"https:\/\/vmaxx.com.br\/home\/quemsomos\/\",\"name\":\"Quem somos... - Vmaxx M\u00e1quinas e Equipamentos\",\"isPartOf\":{\"@id\":\"https:\/\/vmaxx.com.br\/home\/#website\"},\"datePublished\":\"2023-06-13T19:42:34+00:00\",\"dateModified\":\"2023-08-07T13:28:10+00:00\",\"breadcrumb\":{\"@id\":\"https:\/\/vmaxx.com.br\/home\/quemsomos\/#breadcrumb\"},\"inLanguage\":\"pt-BR\",\"potentialAction\":[{\"@type\":\"ReadAction\",\"target\":[\"https:\/\/vmaxx.com.br\/home\/quemsomos\/\"]}]},{\"@type\":\"BreadcrumbList\",\"@id\":\"https:\/\/vmaxx.com.br\/home\/quemsomos\/#breadcrumb\",\"itemListElement\":[{\"@type\":\"ListItem\",\"position\":1,\"name\":\"In\u00edcio\",\"item\":\"https:\/\/vmaxx.com.br\/home\/\"},{\"@type\":\"ListItem\",\"position\":2,\"name\":\"Quem somos&#8230;\"}]},{\"@type\":\"WebSite\",\"@id\":\"https:\/\/vmaxx.com.br\/home\/#website\",\"url\":\"https:\/\/vmaxx.com.br\/home\/\",\"name\":\"Vmaxx M\u00e1quinas e Equipamentos\",\"description\":\"As melhores Cortadoras de tubetes e Tubeteiras Esp\u00edrais est\u00e3o aqui.\",\"publisher\":{\"@id\":\"https:\/\/vmaxx.com.br\/home\/#organization\"},\"potentialAction\":[{\"@type\":\"SearchAction\",\"target\":{\"@type\":\"EntryPoint\",\"urlTemplate\":\"https:\/\/vmaxx.com.br\/home\/?s={search_term_string}\"},\"query-input\":\"required name=search_term_string\"}],\"inLanguage\":\"pt-BR\"},{\"@type\":\"Organization\",\"@id\":\"https:\/\/vmaxx.com.br\/home\/#organization\",\"name\":\"Vmaxx M\u00e1quinas e Equipamentos\",\"url\":\"https:\/\/vmaxx.com.br\/home\/\",\"logo\":{\"@type\":\"ImageObject\",\"inLanguage\":\"pt-BR\",\"@id\":\"https:\/\/vmaxx.com.br\/home\/#\/schema\/logo\/image\/\",\"url\":\"https:\/\/vmaxx.com.br\/home\/wp-content\/uploads\/2023\/06\/cropped-Vmaxx-logo-e1686943926699.png\",\"contentUrl\":\"https:\/\/vmaxx.com.br\/home\/wp-content\/uploads\/2023\/06\/cropped-Vmaxx-logo-e1686943926699.png\",\"width\":300,\"height\":78,\"caption\":\"Vmaxx M\u00e1quinas e Equipamentos\"},\"image\":{\"@id\":\"https:\/\/vmaxx.com.br\/home\/#\/schema\/logo\/image\/\"},\"sameAs\":[\"https:\/\/www.facebook.com\/vmaxxmaquinas\"]}]}<\/script>\n<!-- \/ Yoast SEO plugin. -->","yoast_head_json":{"title":"Quem somos... - Vmaxx M\u00e1quinas e Equipamentos","robots":{"index":"index","follow":"follow","max-snippet":"max-snippet:-1","max-image-preview":"max-image-preview:large","max-video-preview":"max-video-preview:-1"},"canonical":"https:\/\/vmaxx.com.br\/home\/quemsomos\/","og_locale":"pt_BR","og_type":"article","og_title":"Quem somos... - Vmaxx M\u00e1quinas e Equipamentos","og_description":"Sobre a Vmaxx...","og_url":"https:\/\/vmaxx.com.br\/home\/quemsomos\/","og_site_name":"Vmaxx M\u00e1quinas e Equipamentos","article_publisher":"https:\/\/www.facebook.com\/vmaxxmaquinas","article_modified_time":"2023-08-07T13:28:10+00:00","twitter_card":"summary_large_image","twitter_misc":{"Est. tempo de leitura":"1 minuto"},"schema":{"@context":"https:\/\/schema.org","@graph":[{"@type":"WebPage","@id":"https:\/\/vmaxx.com.br\/home\/quemsomos\/","url":"https:\/\/vmaxx.com.br\/home\/quemsomos\/","name":"Quem somos... - Vmaxx M\u00e1quinas e Equipamentos","isPartOf":{"@id":"https:\/\/vmaxx.com.br\/home\/#website"},"datePublished":"2023-06-13T19:42:34+00:00","dateModified":"2023-08-07T13:28:10+00:00","breadcrumb":{"@id":"https:\/\/vmaxx.com.br\/home\/quemsomos\/#breadcrumb"},"inLanguage":"pt-BR","potentialAction":[{"@type":"ReadAction","target":["https:\/\/vmaxx.com.br\/home\/quemsomos\/"]}]},{"@type":"BreadcrumbList","@id":"https:\/\/vmaxx.com.br\/home\/quemsomos\/#breadcrumb","itemListElement":[{"@type":"ListItem","position":1,"name":"In\u00edcio","item":"https:\/\/vmaxx.com.br\/home\/"},{"@type":"ListItem","position":2,"name":"Quem somos&#8230;"}]},{"@type":"WebSite","@id":"https:\/\/vmaxx.com.br\/home\/#website","url":"https:\/\/vmaxx.com.br\/home\/","name":"Vmaxx M\u00e1quinas e Equipamentos","description":"As melhores Cortadoras de tubetes e Tubeteiras Esp\u00edrais est\u00e3o aqui.","publisher":{"@id":"https:\/\/vmaxx.com.br\/home\/#organization"},"potentialAction":[{"@type":"SearchAction","target":{"@type":"EntryPoint","urlTemplate":"https:\/\/vmaxx.com.br\/home\/?s={search_term_string}"},"query-input":"required name=search_term_string"}],"inLanguage":"pt-BR"},{"@type":"Organization","@id":"https:\/\/vmaxx.com.br\/home\/#organization","name":"Vmaxx M\u00e1quinas e Equipamentos","url":"https:\/\/vmaxx.com.br\/home\/","logo":{"@type":"ImageObject","inLanguage":"pt-BR","@id":"https:\/\/vmaxx.com.br\/home\/#\/schema\/logo\/image\/","url":"https:\/\/vmaxx.com.br\/home\/wp-content\/uploads\/2023\/06\/cropped-Vmaxx-logo-e1686943926699.png","contentUrl":"https:\/\/vmaxx.com.br\/home\/wp-content\/uploads\/2023\/06\/cropped-Vmaxx-logo-e1686943926699.png","width":300,"height":78,"caption":"Vmaxx M\u00e1quinas e Equipamentos"},"image":{"@id":"https:\/\/vmaxx.com.br\/home\/#\/schema\/logo\/image\/"},"sameAs":["https:\/\/www.facebook.com\/vmaxxmaquinas"]}]}},"_links":{"self":[{"href":"https:\/\/vmaxx.com.br\/home\/wp-json\/wp\/v2\/pages\/2","targetHints":{"allow":["GET"]}}],"collection":[{"href":"https:\/\/vmaxx.com.br\/home\/wp-json\/wp\/v2\/pages"}],"about":[{"href":"https:\/\/vmaxx.com.br\/home\/wp-json\/wp\/v2\/types\/page"}],"author":[{"embeddable":true,"href":"https:\/\/vmaxx.com.br\/home\/wp-json\/wp\/v2\/users\/1"}],"replies":[{"embeddable":true,"href":"https:\/\/vmaxx.com.br\/home\/wp-json\/wp\/v2\/comments?post=2"}],"version-history":[{"count":20,"href":"https:\/\/vmaxx.com.br\/home\/wp-json\/wp\/v2\/pages\/2\/revisions"}],"predecessor-version":[{"id":1373,"href":"https:\/\/vmaxx.com.br\/home\/wp-json\/wp\/v2\/pages\/2\/revisions\/1373"}],"wp:attachment":[{"href":"https:\/\/vmaxx.com.br\/home\/wp-json\/wp\/v2\/media?parent=2"}],"curies":[{"name":"wp","href":"https:\/\/api.w.org\/{rel}","templated":true}]}}